{"id":70,"date":"2022-02-14T19:06:34","date_gmt":"2022-02-14T18:06:34","guid":{"rendered":"https:\/\/adventureinserbia.com\/?page_id=70"},"modified":"2022-04-07T19:58:30","modified_gmt":"2022-04-07T17:58:30","slug":"podrzite-nas","status":"publish","type":"page","link":"https:\/\/adventureinserbia.com\/en\/podrzite-nas\/","title":{"rendered":"Support Us"},"content":{"rendered":"<p>Volite da \u010ditate na\u0161e pri\u010de i objave?<\/p>\n\n\n\n<p>Saznajte kako mo\u017eete da nas podr\u017eite da bismo mogli da nastavimo da stvaramo najbolji sadr\u017eaj za vas!<\/p>","protected":false},"excerpt":{"rendered":"<p>Volite da \u010ditate na\u0161e pri\u010de i objave? Saznajte kako mo\u017eete da nas podr\u017eite da bismo mogli da nastavimo da stvaramo najbolji sadr\u017eaj za vas!<\/p>","protected":false},"author":1,"featured_media":0,"parent":0,"menu_order":0,"comment_status":"closed","ping_status":"closed","template":"","meta":{"_uag_custom_page_level_css":"","footnotes":""},"class_list":["post-70","page","type-page","status-publish","hentry"],"yoast_head":"<!-- This site is optimized with the Yoast SEO plugin v27.4 - https:\/\/yoast.com\/product\/yoast-seo-wordpress\/ -->\n<title>Podr\u017eite nas - Adventure in Serbia<\/title>\n<meta name=\"description\" content=\"Love reading our stories and posts? Learn how you can support us so we can continue producing best content just for you!\" \/>\n<meta name=\"robots\" content=\"index, follow, max-snippet:-1, max-image-preview:large, max-video-preview:-1\" \/>\n<link rel=\"canonical\" href=\"https:\/\/adventureinserbia.com\/en\/podrzite-nas\/\" \/>\n<meta property=\"og:locale\" content=\"en_US\" \/>\n<meta property=\"og:type\" content=\"article\" \/>\n<meta property=\"og:title\" content=\"Podr\u017eite nas - Adventure in Serbia\" \/>\n<meta property=\"og:description\" content=\"Love reading our stories and posts? Learn how you can support us so we can continue producing best content just for you!\" \/>\n<meta property=\"og:url\" content=\"https:\/\/adventureinserbia.com\/en\/podrzite-nas\/\" \/>\n<meta property=\"og:site_name\" content=\"Adventure in Serbia\" \/>\n<meta property=\"article:modified_time\" content=\"2022-04-07T17:58:30+00:00\" \/>\n<meta name=\"twitter:card\" content=\"summary_large_image\" \/>\n<meta name=\"twitter:label1\" content=\"Est. reading time\" \/>\n\t<meta name=\"twitter:data1\" content=\"1 minute\" \/>\n<script type=\"application\/ld+json\" class=\"yoast-schema-graph\">{\"@context\":\"https:\\\/\\\/schema.org\",\"@graph\":[{\"@type\":\"WebPage\",\"@id\":\"https:\\\/\\\/adventureinserbia.com\\\/podrzite-nas\\\/\",\"url\":\"https:\\\/\\\/adventureinserbia.com\\\/podrzite-nas\\\/\",\"name\":\"Podr\u017eite nas - Adventure in Serbia\",\"isPartOf\":{\"@id\":\"https:\\\/\\\/adventureinserbia.com\\\/#website\"},\"datePublished\":\"2022-02-14T18:06:34+00:00\",\"dateModified\":\"2022-04-07T17:58:30+00:00\",\"description\":\"Love reading our stories and posts? Learn how you can support us so we can continue producing best content just for you!\",\"breadcrumb\":{\"@id\":\"https:\\\/\\\/adventureinserbia.com\\\/podrzite-nas\\\/#breadcrumb\"},\"inLanguage\":\"en-US\",\"potentialAction\":[{\"@type\":\"ReadAction\",\"target\":[\"https:\\\/\\\/adventureinserbia.com\\\/podrzite-nas\\\/\"]}]},{\"@type\":\"BreadcrumbList\",\"@id\":\"https:\\\/\\\/adventureinserbia.com\\\/podrzite-nas\\\/#breadcrumb\",\"itemListElement\":[{\"@type\":\"ListItem\",\"position\":1,\"name\":\"Po\u010detna\",\"item\":\"https:\\\/\\\/adventureinserbia.com\\\/\"},{\"@type\":\"ListItem\",\"position\":2,\"name\":\"Podr\u017eite nas\"}]},{\"@type\":\"WebSite\",\"@id\":\"https:\\\/\\\/adventureinserbia.com\\\/#website\",\"url\":\"https:\\\/\\\/adventureinserbia.com\\\/\",\"name\":\"Adventure in Serbia\",\"description\":\"Come, See, Taste, Feel\",\"publisher\":{\"@id\":\"https:\\\/\\\/adventureinserbia.com\\\/#organization\"},\"potentialAction\":[{\"@type\":\"SearchAction\",\"target\":{\"@type\":\"EntryPoint\",\"urlTemplate\":\"https:\\\/\\\/adventureinserbia.com\\\/?s={search_term_string}\"},\"query-input\":{\"@type\":\"PropertyValueSpecification\",\"valueRequired\":true,\"valueName\":\"search_term_string\"}}],\"inLanguage\":\"en-US\"},{\"@type\":\"Organization\",\"@id\":\"https:\\\/\\\/adventureinserbia.com\\\/#organization\",\"name\":\"Adventure in Serbia\",\"url\":\"https:\\\/\\\/adventureinserbia.com\\\/\",\"logo\":{\"@type\":\"ImageObject\",\"inLanguage\":\"en-US\",\"@id\":\"https:\\\/\\\/adventureinserbia.com\\\/#\\\/schema\\\/logo\\\/image\\\/\",\"url\":\"https:\\\/\\\/i0.wp.com\\\/adventureinserbia.com\\\/wp-content\\\/uploads\\\/2022\\\/02\\\/cropped-Logo2.png?fit=500%2C500&ssl=1\",\"contentUrl\":\"https:\\\/\\\/i0.wp.com\\\/adventureinserbia.com\\\/wp-content\\\/uploads\\\/2022\\\/02\\\/cropped-Logo2.png?fit=500%2C500&ssl=1\",\"width\":500,\"height\":500,\"caption\":\"Adventure in Serbia\"},\"image\":{\"@id\":\"https:\\\/\\\/adventureinserbia.com\\\/#\\\/schema\\\/logo\\\/image\\\/\"}}]}<\/script>\n<!-- \/ Yoast SEO plugin. -->","yoast_head_json":{"title":"Podr\u017eite nas - Adventure in Serbia","description":"Love reading our stories and posts? Learn how you can support us so we can continue producing best content just for you!","robots":{"index":"index","follow":"follow","max-snippet":"max-snippet:-1","max-image-preview":"max-image-preview:large","max-video-preview":"max-video-preview:-1"},"canonical":"https:\/\/adventureinserbia.com\/en\/podrzite-nas\/","og_locale":"en_US","og_type":"article","og_title":"Podr\u017eite nas - Adventure in Serbia","og_description":"Love reading our stories and posts? Learn how you can support us so we can continue producing best content just for you!","og_url":"https:\/\/adventureinserbia.com\/en\/podrzite-nas\/","og_site_name":"Adventure in Serbia","article_modified_time":"2022-04-07T17:58:30+00:00","twitter_card":"summary_large_image","twitter_misc":{"Est. reading time":"1 minute"},"schema":{"@context":"https:\/\/schema.org","@graph":[{"@type":"WebPage","@id":"https:\/\/adventureinserbia.com\/podrzite-nas\/","url":"https:\/\/adventureinserbia.com\/podrzite-nas\/","name":"Podr\u017eite nas - Adventure in Serbia","isPartOf":{"@id":"https:\/\/adventureinserbia.com\/#website"},"datePublished":"2022-02-14T18:06:34+00:00","dateModified":"2022-04-07T17:58:30+00:00","description":"Love reading our stories and posts? Learn how you can support us so we can continue producing best content just for you!","breadcrumb":{"@id":"https:\/\/adventureinserbia.com\/podrzite-nas\/#breadcrumb"},"inLanguage":"en-US","potentialAction":[{"@type":"ReadAction","target":["https:\/\/adventureinserbia.com\/podrzite-nas\/"]}]},{"@type":"BreadcrumbList","@id":"https:\/\/adventureinserbia.com\/podrzite-nas\/#breadcrumb","itemListElement":[{"@type":"ListItem","position":1,"name":"Po\u010detna","item":"https:\/\/adventureinserbia.com\/"},{"@type":"ListItem","position":2,"name":"Podr\u017eite nas"}]},{"@type":"WebSite","@id":"https:\/\/adventureinserbia.com\/#website","url":"https:\/\/adventureinserbia.com\/","name":"Adventure in Serbia","description":"Come, See, Taste, Feel","publisher":{"@id":"https:\/\/adventureinserbia.com\/#organization"},"potentialAction":[{"@type":"SearchAction","target":{"@type":"EntryPoint","urlTemplate":"https:\/\/adventureinserbia.com\/?s={search_term_string}"},"query-input":{"@type":"PropertyValueSpecification","valueRequired":true,"valueName":"search_term_string"}}],"inLanguage":"en-US"},{"@type":"Organization","@id":"https:\/\/adventureinserbia.com\/#organization","name":"Adventure in Serbia","url":"https:\/\/adventureinserbia.com\/","logo":{"@type":"ImageObject","inLanguage":"en-US","@id":"https:\/\/adventureinserbia.com\/#\/schema\/logo\/image\/","url":"https:\/\/i0.wp.com\/adventureinserbia.com\/wp-content\/uploads\/2022\/02\/cropped-Logo2.png?fit=500%2C500&ssl=1","contentUrl":"https:\/\/i0.wp.com\/adventureinserbia.com\/wp-content\/uploads\/2022\/02\/cropped-Logo2.png?fit=500%2C500&ssl=1","width":500,"height":500,"caption":"Adventure in Serbia"},"image":{"@id":"https:\/\/adventureinserbia.com\/#\/schema\/logo\/image\/"}}]}},"uagb_featured_image_src":{"full":false,"thumbnail":false,"medium":false,"medium_large":false,"large":false,"1536x1536":false,"2048x2048":false,"trp-custom-language-flag":false,"qode_essential_addons_image_size_square":false,"qode_essential_addons_image_size_landscape":false,"qode_essential_addons_image_size_portrait":false,"qode_essential_addons_image_size_huge-square":false},"uagb_author_info":{"display_name":"Joker","author_link":"https:\/\/adventureinserbia.com\/en\/author\/f-prime2442-ais\/"},"uagb_comment_info":0,"uagb_excerpt":"Volite da \u010ditate na\u0161e pri\u010de i objave? Saznajte kako mo\u017eete da nas podr\u017eite da bismo mogli da nastavimo da stvaramo najbolji sadr\u017eaj za vas!","_links":{"self":[{"href":"https:\/\/adventureinserbia.com\/en\/wp-json\/wp\/v2\/pages\/70","targetHints":{"allow":["GET"]}}],"collection":[{"href":"https:\/\/adventureinserbia.com\/en\/wp-json\/wp\/v2\/pages"}],"about":[{"href":"https:\/\/adventureinserbia.com\/en\/wp-json\/wp\/v2\/types\/page"}],"author":[{"embeddable":true,"href":"https:\/\/adventureinserbia.com\/en\/wp-json\/wp\/v2\/users\/1"}],"replies":[{"embeddable":true,"href":"https:\/\/adventureinserbia.com\/en\/wp-json\/wp\/v2\/comments?post=70"}],"version-history":[{"count":5,"href":"https:\/\/adventureinserbia.com\/en\/wp-json\/wp\/v2\/pages\/70\/revisions"}],"predecessor-version":[{"id":2836,"href":"https:\/\/adventureinserbia.com\/en\/wp-json\/wp\/v2\/pages\/70\/revisions\/2836"}],"wp:attachment":[{"href":"https:\/\/adventureinserbia.com\/en\/wp-json\/wp\/v2\/media?parent=70"}],"curies":[{"name":"wp","href":"https:\/\/api.w.org\/{rel}","templated":true}]}}